{"id":12905,"date":"2024-07-12T13:18:33","date_gmt":"2024-07-12T18:18:33","guid":{"rendered":"https:\/\/hydralfor.com\/?page_id=12905"},"modified":"2024-08-06T15:52:21","modified_gmt":"2024-08-06T20:52:21","slug":"privacy-policy","status":"publish","type":"page","link":"https:\/\/hydralfor.com\/en\/privacy-policy\/","title":{"rendered":"Privacy Policy"},"content":{"rendered":"\n<p class=\"style-politique\">The purpose of this privacy policy is to inform users of our website <a href=\"http:\/\/www.hydralfor.com\">www.hydralfor.com<\/a>, des about the personal information we collect and how we use it.<\/p>\n\n\n\n<p class=\"style-politique\">Hydralfor complies strictly with Quebec&#8217;s Bill 25 regarding the protection of personal data.<\/p>\n\n\n\n<p class=\"style-politique\">This privacy policy also details our commitment and the measures taken to guarantee the security of your personal information.<\/p>\n\n\n\n<ol class=\"style-politique wp-block-list\"><li>Types of personal data collected<\/li><li>Use of personal information collected<\/li><li>Data security protocols<\/li><li>Your rights<\/li><\/ol>\n\n\n\n<h2 class=\"style-politique wp-block-heading\">Types of personal data collected<\/h2>\n\n\n\n<h3 class=\"style-politique wp-block-heading\">Automatically collected data<\/h3>\n\n\n\n<p class=\"style-politique\">When you visit www.hydralfor.com, we automatically collect information about your device and your interaction with our site via the Google Analytics tool.<\/p>\n\n\n\n<p class=\"style-politique\"><br><strong>This includes the following data:<\/strong><\/p>\n\n\n\n<p class=\"style-politique\">\u25cf Last name<br>\u25cf First name<br>\u25cf Company<br>\u25cf Full address<br>\u25cf Telephone number<br>\u25cf Email address<br>\u25cf Other information you wish to share with us via the &#8220;Message&#8221; and &#8220;Comments&#8221; fields&#8221;<\/p>\n\n\n\n<h2 class=\"style-politique wp-block-heading\">Use of personal information collected<\/h2>\n\n\n\n<p class=\"style-politique\">Please note that we only collect data that helps us achieve the purpose stated in this privacy policy. We will not collect additional data without informing you first.<br><strong>We use this data to:<\/strong><\/p>\n\n\n\n<ul class=\"style-politique wp-block-list\"><li>Fulfill contracts<\/li><li>Send targeted e-mail communications<\/li><li>Perform statistical analysis to improve the site<\/li><li>As part of a data security protocol<\/li><\/ul>\n\n\n\n<h2 class=\"style-politique wp-block-heading\">Security measures<\/h2>\n\n\n\n<p class=\"style-politique\">Your data is stored in a secure, controlled environment. We use SSL protocols and robust security measures to prevent unauthorized access.<br>We will not sell or share your data with third parties except as required by law or in the event of legal proceedings.<br>We may disclose to any member of our organization any user data reasonably required to achieve the purposes set out in this policy.<br>Duration of use of personal data<br>We store personal data for a period of 2 years. We will ensure that users are notified if their data is stored for longer than this period.<\/p>\n\n\n\n<h2 class=\"style-politique wp-block-heading\">In the event of a data leak<\/h2>\n\n\n\n<p class=\"style-politique\">In the event of a leak of your personal data, we undertake to keep you and the Commission d&#8217;Acc\u00e8s \u00e0 l&#8217;Information du Qu\u00e9bec informed.<\/p>\n\n\n\n<h2 class=\"style-politique wp-block-heading\">Your rights<\/h2>\n\n\n\n<h3 class=\"style-politique wp-block-heading\">Users&#8217; rights<\/h3>\n\n\n\n<p class=\"style-politique\">If you are a Quebec resident, in accordance with Bill 25, you have specific rights concerning your personal data:<\/p>\n\n\n\n<ul class=\"style-politique wp-block-list\"><li>Right to data portability<\/li><li>Right to rectification<\/li><li>Right of access<\/li><li>Right to be informed<\/li><\/ul>\n\n\n\n<p class=\"style-politique\">You have the right to object to the use of your data and to withdraw it.<br>To exercise these rights, please contact our data protection officer:<\/p>\n\n\n\n<p class=\"style-politique\">Patrice Bouchard<br>Address: 6101 Bd Talbot, Laterri\u00e8re, QC G7N 1V9<br>E-mail: <a href=\"mailto:pbouchard@hydralfor.com\">pbouchard@hydralfor.com<\/a><br>Phone number: (418) 678-3223<\/p>\n\n\n\n<p class=\"style-politique\"><\/p>\n\n\n\n<h2 class=\"style-politique wp-block-heading\">Right of access and rectification<\/h2>\n\n\n\n<p class=\"style-politique\">You may consult, modify or delete your data. To do so, please use the same contact details mentioned above.<\/p>\n\n\n\n<h2 class=\"style-politique wp-block-heading\">Consent and Withdrawal<\/h2>\n\n\n\n<p class=\"style-politique\">You can visit our site without revealing your identity. However, some features require the collection of personal data. You can always choose not to provide this information.<\/p>\n\n\n\n<h2 class=\"style-politique wp-block-heading\">Minors<\/h2>\n\n\n\n<p class=\"style-politique\">Law 25 specifies that persons under the age of 14 are considered minors for the purposes of data collection. Their personal information may not be collected from them without the consent of the holder of parental authority or guardian, except where such collection is clearly for the benefit of the minor.<\/p>\n\n\n\n<h2 class=\"style-politique wp-block-heading\">External links<\/h2>\n\n\n\n<p class=\"style-politique\">Our site may contain links to other websites. We are not responsible for their privacy practices.<\/p>\n\n\n\n<h2 class=\"style-politique wp-block-heading\">Contact<\/h2>\n\n\n\n<p class=\"style-politique\">Our privacy policy was last updated on 06\/08\/2024<\/p>\n\n\n\n<p class=\"style-politique\">If you have any questions about this privacy policy, you can contact us at <a href=\"mailto:pbouchard@hydralfor.com\">pbouchard@hydralfor.com<\/a>.<\/p>\n\n\n\n<p class=\"style-politique\">By using our site <a href=\"http:\/\/www.hydralfor.com\">www.hydralfor.com<\/a>, you agree to the terms of this privacy policy.<\/p>\n","protected":false},"excerpt":{"rendered":"<p>The purpose of this privacy policy is to inform users of our website www.hydralfor.com, des about the personal information we collect and how we use it. Hydralfor complies strictly with Quebec&#8217;s Bill 25 regarding the protection of personal data. This privacy policy also details our commitment and the measures taken to guarantee the security of [&hellip;]<\/p>\n","protected":false},"author":16,"featured_media":0,"parent":0,"menu_order":2,"comment_status":"closed","ping_status":"closed","template":"","meta":{"_acf_changed":false,"footnotes":""},"class_list":["post-12905","page","type-page","status-publish","hentry"],"acf":[],"yoast_head":"<!-- This site is optimized with the Yoast SEO plugin v27.4 - https:\/\/yoast.com\/product\/yoast-seo-wordpress\/ -->\n<title>Privacy Policy - Hydralfor<\/title>\n<meta name=\"robots\" content=\"index, follow, max-snippet:-1, max-image-preview:large, max-video-preview:-1\" \/>\n<link rel=\"canonical\" href=\"https:\/\/hydralfor.dev2.wshost.ca\/en\/privacy-policy\/\" \/>\n<meta property=\"og:locale\" content=\"en_US\" \/>\n<meta property=\"og:type\" content=\"article\" \/>\n<meta property=\"og:title\" content=\"Privacy Policy - Hydralfor\" \/>\n<meta property=\"og:description\" content=\"The purpose of this privacy policy is to inform users of our website www.hydralfor.com, des about the personal information we collect and how we use it. Hydralfor complies strictly with Quebec&#8217;s Bill 25 regarding the protection of personal data. This privacy policy also details our commitment and the measures taken to guarantee the security of [&hellip;]\" \/>\n<meta property=\"og:url\" content=\"https:\/\/hydralfor.dev2.wshost.ca\/en\/privacy-policy\/\" \/>\n<meta property=\"og:site_name\" content=\"Hydralfor\" \/>\n<meta property=\"article:modified_time\" content=\"2024-08-06T20:52:21+00:00\" \/>\n<meta name=\"twitter:card\" content=\"summary_large_image\" \/>\n<meta name=\"twitter:label1\" content=\"Est. reading time\" \/>\n\t<meta name=\"twitter:data1\" content=\"3 minutes\" \/>\n<script type=\"application\/ld+json\" class=\"yoast-schema-graph\">{\"@context\":\"https:\\\/\\\/schema.org\",\"@graph\":[{\"@type\":\"WebPage\",\"@id\":\"https:\\\/\\\/hydralfor.dev2.wshost.ca\\\/en\\\/privacy-policy\\\/\",\"url\":\"https:\\\/\\\/hydralfor.dev2.wshost.ca\\\/en\\\/privacy-policy\\\/\",\"name\":\"Privacy Policy - Hydralfor\",\"isPartOf\":{\"@id\":\"https:\\\/\\\/hydralfor.com\\\/#website\"},\"datePublished\":\"2024-07-12T18:18:33+00:00\",\"dateModified\":\"2024-08-06T20:52:21+00:00\",\"breadcrumb\":{\"@id\":\"https:\\\/\\\/hydralfor.dev2.wshost.ca\\\/en\\\/privacy-policy\\\/#breadcrumb\"},\"inLanguage\":\"en-US\",\"potentialAction\":[{\"@type\":\"ReadAction\",\"target\":[\"https:\\\/\\\/hydralfor.dev2.wshost.ca\\\/en\\\/privacy-policy\\\/\"]}]},{\"@type\":\"BreadcrumbList\",\"@id\":\"https:\\\/\\\/hydralfor.dev2.wshost.ca\\\/en\\\/privacy-policy\\\/#breadcrumb\",\"itemListElement\":[{\"@type\":\"ListItem\",\"position\":1,\"name\":\"Accueil\",\"item\":\"https:\\\/\\\/hydralfor.dev2.wshost.ca\\\/en\\\/accueil\\\/\"},{\"@type\":\"ListItem\",\"position\":2,\"name\":\"Privacy Policy\"}]},{\"@type\":\"WebSite\",\"@id\":\"https:\\\/\\\/hydralfor.com\\\/#website\",\"url\":\"https:\\\/\\\/hydralfor.com\\\/\",\"name\":\"Hydralfor\",\"description\":\"Hydralfor\",\"potentialAction\":[{\"@type\":\"SearchAction\",\"target\":{\"@type\":\"EntryPoint\",\"urlTemplate\":\"https:\\\/\\\/hydralfor.com\\\/?s={search_term_string}\"},\"query-input\":{\"@type\":\"PropertyValueSpecification\",\"valueRequired\":true,\"valueName\":\"search_term_string\"}}],\"inLanguage\":\"en-US\"}]}<\/script>\n<!-- \/ Yoast SEO plugin. -->","yoast_head_json":{"title":"Privacy Policy - Hydralfor","robots":{"index":"index","follow":"follow","max-snippet":"max-snippet:-1","max-image-preview":"max-image-preview:large","max-video-preview":"max-video-preview:-1"},"canonical":"https:\/\/hydralfor.dev2.wshost.ca\/en\/privacy-policy\/","og_locale":"en_US","og_type":"article","og_title":"Privacy Policy - Hydralfor","og_description":"The purpose of this privacy policy is to inform users of our website www.hydralfor.com, des about the personal information we collect and how we use it. Hydralfor complies strictly with Quebec&#8217;s Bill 25 regarding the protection of personal data. This privacy policy also details our commitment and the measures taken to guarantee the security of [&hellip;]","og_url":"https:\/\/hydralfor.dev2.wshost.ca\/en\/privacy-policy\/","og_site_name":"Hydralfor","article_modified_time":"2024-08-06T20:52:21+00:00","twitter_card":"summary_large_image","twitter_misc":{"Est. reading time":"3 minutes"},"schema":{"@context":"https:\/\/schema.org","@graph":[{"@type":"WebPage","@id":"https:\/\/hydralfor.dev2.wshost.ca\/en\/privacy-policy\/","url":"https:\/\/hydralfor.dev2.wshost.ca\/en\/privacy-policy\/","name":"Privacy Policy - Hydralfor","isPartOf":{"@id":"https:\/\/hydralfor.com\/#website"},"datePublished":"2024-07-12T18:18:33+00:00","dateModified":"2024-08-06T20:52:21+00:00","breadcrumb":{"@id":"https:\/\/hydralfor.dev2.wshost.ca\/en\/privacy-policy\/#breadcrumb"},"inLanguage":"en-US","potentialAction":[{"@type":"ReadAction","target":["https:\/\/hydralfor.dev2.wshost.ca\/en\/privacy-policy\/"]}]},{"@type":"BreadcrumbList","@id":"https:\/\/hydralfor.dev2.wshost.ca\/en\/privacy-policy\/#breadcrumb","itemListElement":[{"@type":"ListItem","position":1,"name":"Accueil","item":"https:\/\/hydralfor.dev2.wshost.ca\/en\/accueil\/"},{"@type":"ListItem","position":2,"name":"Privacy Policy"}]},{"@type":"WebSite","@id":"https:\/\/hydralfor.com\/#website","url":"https:\/\/hydralfor.com\/","name":"Hydralfor","description":"Hydralfor","potentialAction":[{"@type":"SearchAction","target":{"@type":"EntryPoint","urlTemplate":"https:\/\/hydralfor.com\/?s={search_term_string}"},"query-input":{"@type":"PropertyValueSpecification","valueRequired":true,"valueName":"search_term_string"}}],"inLanguage":"en-US"}]}},"_links":{"self":[{"href":"https:\/\/hydralfor.com\/en\/wp-json\/wp\/v2\/pages\/12905","targetHints":{"allow":["GET"]}}],"collection":[{"href":"https:\/\/hydralfor.com\/en\/wp-json\/wp\/v2\/pages"}],"about":[{"href":"https:\/\/hydralfor.com\/en\/wp-json\/wp\/v2\/types\/page"}],"author":[{"embeddable":true,"href":"https:\/\/hydralfor.com\/en\/wp-json\/wp\/v2\/users\/16"}],"replies":[{"embeddable":true,"href":"https:\/\/hydralfor.com\/en\/wp-json\/wp\/v2\/comments?post=12905"}],"version-history":[{"count":4,"href":"https:\/\/hydralfor.com\/en\/wp-json\/wp\/v2\/pages\/12905\/revisions"}],"predecessor-version":[{"id":12936,"href":"https:\/\/hydralfor.com\/en\/wp-json\/wp\/v2\/pages\/12905\/revisions\/12936"}],"wp:attachment":[{"href":"https:\/\/hydralfor.com\/en\/wp-json\/wp\/v2\/media?parent=12905"}],"curies":[{"name":"wp","href":"https:\/\/api.w.org\/{rel}","templated":true}]}}