{"id":11204,"date":"2014-10-06T14:14:26","date_gmt":"2014-10-06T13:14:26","guid":{"rendered":"http:\/\/hydralfor.com\/a-propos\/lequipe\/"},"modified":"2014-11-05T19:38:05","modified_gmt":"2014-11-05T18:38:05","slug":"our-team","status":"publish","type":"page","link":"https:\/\/hydralfor.com\/en\/about-us\/our-team\/","title":{"rendered":"Our Team"},"content":{"rendered":"<h2>Our multidisciplinary engineering and design team is composed of experienced and passionate professionals and has over 110 years of combined experience<\/h2>\n<p>Hydralfor\u2019s business policy is to design projects exceeding our customers requirements, in order for them to get the greatest benefit as possible and always in compliance with the time frame<\/p>\n<p>Our imagination is boundless when it comes to find simple yet effective solutions to resolve design or manufacture problems<\/p>\n<p>Our production team is selected for the execution of a quality work, done in a pleasant working environment and the respect of individuals. This way, we get exceptional results on each product<\/p>\n<p>Hydralfor values \u200b\u200bthe intelligence and the hard work of his team. We believe quality goes through the love of work in a safe and healthy environment<\/p>\n","protected":false},"excerpt":{"rendered":"<p>Our multidisciplinary engineering and design team is composed of experienced and passionate professionals and has over 110 years of combined experience Hydralfor\u2019s business policy is to design projects exceeding our customers requirements, in order for them to get the greatest benefit as possible and always in compliance with the time frame Our imagination is boundless [&hellip;]<\/p>\n","protected":false},"author":1,"featured_media":11332,"parent":11102,"menu_order":38,"comment_status":"open","ping_status":"open","template":"","meta":{"_acf_changed":false,"footnotes":""},"class_list":["post-11204","page","type-page","status-publish","has-post-thumbnail","hentry"],"acf":[],"yoast_head":"<!-- This site is optimized with the Yoast SEO plugin v27.4 - https:\/\/yoast.com\/product\/yoast-seo-wordpress\/ -->\n<title>Our team - Hydralfor Conveyors<\/title>\n<meta name=\"description\" content=\"Notre \u00e9quipe multidisciplinaire d\u2019ing\u00e9nierie et de conception, compos\u00e9e de professionnels chevronn\u00e9s et passionn\u00e9s.\" \/>\n<meta name=\"robots\" content=\"index, follow, max-snippet:-1, max-image-preview:large, max-video-preview:-1\" \/>\n<link rel=\"canonical\" href=\"https:\/\/hydralfor.dev2.wshost.ca\/en\/about-us\/our-team\/\" \/>\n<meta property=\"og:locale\" content=\"en_US\" \/>\n<meta property=\"og:type\" content=\"article\" \/>\n<meta property=\"og:title\" content=\"Our team - Hydralfor Conveyors\" \/>\n<meta property=\"og:description\" content=\"Notre \u00e9quipe multidisciplinaire d\u2019ing\u00e9nierie et de conception, compos\u00e9e de professionnels chevronn\u00e9s et passionn\u00e9s.\" \/>\n<meta property=\"og:url\" content=\"https:\/\/hydralfor.dev2.wshost.ca\/en\/about-us\/our-team\/\" \/>\n<meta property=\"og:site_name\" content=\"Hydralfor\" \/>\n<meta property=\"article:modified_time\" content=\"2014-11-05T18:38:05+00:00\" \/>\n<meta property=\"og:image\" content=\"https:\/\/hydralfor.dev2.wshost.ca\/wp-content\/uploads\/2014\/10\/featured_equipe.png\" \/>\n\t<meta property=\"og:image:width\" content=\"126\" \/>\n\t<meta property=\"og:image:height\" content=\"62\" \/>\n\t<meta property=\"og:image:type\" content=\"image\/png\" \/>\n<meta name=\"twitter:card\" content=\"summary_large_image\" \/>\n<meta name=\"twitter:label1\" content=\"Est. reading time\" \/>\n\t<meta name=\"twitter:data1\" content=\"1 minute\" \/>\n<script type=\"application\/ld+json\" class=\"yoast-schema-graph\">{\"@context\":\"https:\\\/\\\/schema.org\",\"@graph\":[{\"@type\":\"WebPage\",\"@id\":\"https:\\\/\\\/hydralfor.dev2.wshost.ca\\\/en\\\/about-us\\\/our-team\\\/\",\"url\":\"https:\\\/\\\/hydralfor.dev2.wshost.ca\\\/en\\\/about-us\\\/our-team\\\/\",\"name\":\"Our team - Hydralfor Conveyors\",\"isPartOf\":{\"@id\":\"https:\\\/\\\/hydralfor.com\\\/#website\"},\"primaryImageOfPage\":{\"@id\":\"https:\\\/\\\/hydralfor.dev2.wshost.ca\\\/en\\\/about-us\\\/our-team\\\/#primaryimage\"},\"image\":{\"@id\":\"https:\\\/\\\/hydralfor.dev2.wshost.ca\\\/en\\\/about-us\\\/our-team\\\/#primaryimage\"},\"thumbnailUrl\":\"https:\\\/\\\/hydralfor.com\\\/wp-content\\\/uploads\\\/2014\\\/10\\\/featured_equipe.png\",\"datePublished\":\"2014-10-06T13:14:26+00:00\",\"dateModified\":\"2014-11-05T18:38:05+00:00\",\"description\":\"Notre \u00e9quipe multidisciplinaire d\u2019ing\u00e9nierie et de conception, compos\u00e9e de professionnels chevronn\u00e9s et passionn\u00e9s.\",\"breadcrumb\":{\"@id\":\"https:\\\/\\\/hydralfor.dev2.wshost.ca\\\/en\\\/about-us\\\/our-team\\\/#breadcrumb\"},\"inLanguage\":\"en-US\",\"potentialAction\":[{\"@type\":\"ReadAction\",\"target\":[\"https:\\\/\\\/hydralfor.dev2.wshost.ca\\\/en\\\/about-us\\\/our-team\\\/\"]}]},{\"@type\":\"ImageObject\",\"inLanguage\":\"en-US\",\"@id\":\"https:\\\/\\\/hydralfor.dev2.wshost.ca\\\/en\\\/about-us\\\/our-team\\\/#primaryimage\",\"url\":\"https:\\\/\\\/hydralfor.com\\\/wp-content\\\/uploads\\\/2014\\\/10\\\/featured_equipe.png\",\"contentUrl\":\"https:\\\/\\\/hydralfor.com\\\/wp-content\\\/uploads\\\/2014\\\/10\\\/featured_equipe.png\",\"width\":126,\"height\":62},{\"@type\":\"BreadcrumbList\",\"@id\":\"https:\\\/\\\/hydralfor.dev2.wshost.ca\\\/en\\\/about-us\\\/our-team\\\/#breadcrumb\",\"itemListElement\":[{\"@type\":\"ListItem\",\"position\":1,\"name\":\"Accueil\",\"item\":\"https:\\\/\\\/hydralfor.dev2.wshost.ca\\\/en\\\/accueil\\\/\"},{\"@type\":\"ListItem\",\"position\":2,\"name\":\"Priv\u00e9\u00a0: About us\",\"item\":\"https:\\\/\\\/hydralfor.dev2.wshost.ca\\\/en\\\/?page_id=11102\"},{\"@type\":\"ListItem\",\"position\":3,\"name\":\"Our Team\"}]},{\"@type\":\"WebSite\",\"@id\":\"https:\\\/\\\/hydralfor.com\\\/#website\",\"url\":\"https:\\\/\\\/hydralfor.com\\\/\",\"name\":\"Hydralfor\",\"description\":\"Hydralfor\",\"potentialAction\":[{\"@type\":\"SearchAction\",\"target\":{\"@type\":\"EntryPoint\",\"urlTemplate\":\"https:\\\/\\\/hydralfor.com\\\/?s={search_term_string}\"},\"query-input\":{\"@type\":\"PropertyValueSpecification\",\"valueRequired\":true,\"valueName\":\"search_term_string\"}}],\"inLanguage\":\"en-US\"}]}<\/script>\n<!-- \/ Yoast SEO plugin. -->","yoast_head_json":{"title":"Our team - Hydralfor Conveyors","description":"Notre \u00e9quipe multidisciplinaire d\u2019ing\u00e9nierie et de conception, compos\u00e9e de professionnels chevronn\u00e9s et passionn\u00e9s.","robots":{"index":"index","follow":"follow","max-snippet":"max-snippet:-1","max-image-preview":"max-image-preview:large","max-video-preview":"max-video-preview:-1"},"canonical":"https:\/\/hydralfor.dev2.wshost.ca\/en\/about-us\/our-team\/","og_locale":"en_US","og_type":"article","og_title":"Our team - Hydralfor Conveyors","og_description":"Notre \u00e9quipe multidisciplinaire d\u2019ing\u00e9nierie et de conception, compos\u00e9e de professionnels chevronn\u00e9s et passionn\u00e9s.","og_url":"https:\/\/hydralfor.dev2.wshost.ca\/en\/about-us\/our-team\/","og_site_name":"Hydralfor","article_modified_time":"2014-11-05T18:38:05+00:00","og_image":[{"width":126,"height":62,"url":"https:\/\/hydralfor.dev2.wshost.ca\/wp-content\/uploads\/2014\/10\/featured_equipe.png","type":"image\/png"}],"twitter_card":"summary_large_image","twitter_misc":{"Est. reading time":"1 minute"},"schema":{"@context":"https:\/\/schema.org","@graph":[{"@type":"WebPage","@id":"https:\/\/hydralfor.dev2.wshost.ca\/en\/about-us\/our-team\/","url":"https:\/\/hydralfor.dev2.wshost.ca\/en\/about-us\/our-team\/","name":"Our team - Hydralfor Conveyors","isPartOf":{"@id":"https:\/\/hydralfor.com\/#website"},"primaryImageOfPage":{"@id":"https:\/\/hydralfor.dev2.wshost.ca\/en\/about-us\/our-team\/#primaryimage"},"image":{"@id":"https:\/\/hydralfor.dev2.wshost.ca\/en\/about-us\/our-team\/#primaryimage"},"thumbnailUrl":"https:\/\/hydralfor.com\/wp-content\/uploads\/2014\/10\/featured_equipe.png","datePublished":"2014-10-06T13:14:26+00:00","dateModified":"2014-11-05T18:38:05+00:00","description":"Notre \u00e9quipe multidisciplinaire d\u2019ing\u00e9nierie et de conception, compos\u00e9e de professionnels chevronn\u00e9s et passionn\u00e9s.","breadcrumb":{"@id":"https:\/\/hydralfor.dev2.wshost.ca\/en\/about-us\/our-team\/#breadcrumb"},"inLanguage":"en-US","potentialAction":[{"@type":"ReadAction","target":["https:\/\/hydralfor.dev2.wshost.ca\/en\/about-us\/our-team\/"]}]},{"@type":"ImageObject","inLanguage":"en-US","@id":"https:\/\/hydralfor.dev2.wshost.ca\/en\/about-us\/our-team\/#primaryimage","url":"https:\/\/hydralfor.com\/wp-content\/uploads\/2014\/10\/featured_equipe.png","contentUrl":"https:\/\/hydralfor.com\/wp-content\/uploads\/2014\/10\/featured_equipe.png","width":126,"height":62},{"@type":"BreadcrumbList","@id":"https:\/\/hydralfor.dev2.wshost.ca\/en\/about-us\/our-team\/#breadcrumb","itemListElement":[{"@type":"ListItem","position":1,"name":"Accueil","item":"https:\/\/hydralfor.dev2.wshost.ca\/en\/accueil\/"},{"@type":"ListItem","position":2,"name":"Priv\u00e9\u00a0: About us","item":"https:\/\/hydralfor.dev2.wshost.ca\/en\/?page_id=11102"},{"@type":"ListItem","position":3,"name":"Our Team"}]},{"@type":"WebSite","@id":"https:\/\/hydralfor.com\/#website","url":"https:\/\/hydralfor.com\/","name":"Hydralfor","description":"Hydralfor","potentialAction":[{"@type":"SearchAction","target":{"@type":"EntryPoint","urlTemplate":"https:\/\/hydralfor.com\/?s={search_term_string}"},"query-input":{"@type":"PropertyValueSpecification","valueRequired":true,"valueName":"search_term_string"}}],"inLanguage":"en-US"}]}},"_links":{"self":[{"href":"https:\/\/hydralfor.com\/en\/wp-json\/wp\/v2\/pages\/11204","targetHints":{"allow":["GET"]}}],"collection":[{"href":"https:\/\/hydralfor.com\/en\/wp-json\/wp\/v2\/pages"}],"about":[{"href":"https:\/\/hydralfor.com\/en\/wp-json\/wp\/v2\/types\/page"}],"author":[{"embeddable":true,"href":"https:\/\/hydralfor.com\/en\/wp-json\/wp\/v2\/users\/1"}],"replies":[{"embeddable":true,"href":"https:\/\/hydralfor.com\/en\/wp-json\/wp\/v2\/comments?post=11204"}],"version-history":[{"count":2,"href":"https:\/\/hydralfor.com\/en\/wp-json\/wp\/v2\/pages\/11204\/revisions"}],"predecessor-version":[{"id":11230,"href":"https:\/\/hydralfor.com\/en\/wp-json\/wp\/v2\/pages\/11204\/revisions\/11230"}],"up":[{"embeddable":true,"href":"https:\/\/hydralfor.com\/en\/wp-json\/wp\/v2\/pages\/11102"}],"wp:featuredmedia":[{"embeddable":true,"href":"https:\/\/hydralfor.com\/en\/wp-json\/wp\/v2\/media\/11332"}],"wp:attachment":[{"href":"https:\/\/hydralfor.com\/en\/wp-json\/wp\/v2\/media?parent=11204"}],"curies":[{"name":"wp","href":"https:\/\/api.w.org\/{rel}","templated":true}]}}